{"id":289,"date":"2026-03-31T22:15:16","date_gmt":"2026-04-01T01:15:16","guid":{"rendered":"https:\/\/snactualizados.com\/?page_id=289"},"modified":"2026-04-03T15:01:35","modified_gmt":"2026-04-03T18:01:35","slug":"nosotras","status":"publish","type":"page","link":"https:\/\/snactualizados.com\/index.php\/nosotras\/","title":{"rendered":"Nosotras"},"content":{"rendered":"\n\n\n\n","protected":false},"excerpt":{"rendered":"","protected":false},"author":1,"featured_media":323,"parent":0,"menu_order":0,"comment_status":"closed","ping_status":"closed","template":"full-width","meta":{"saved_in_kubio":true,"footnotes":""},"class_list":["post-289","page","type-page","status-publish","has-post-thumbnail","hentry"],"kubio_ai_page_context":{"short_desc":"","purpose":"general"},"yoast_head":"<!-- This site is optimized with the Yoast SEO plugin v27.5 - https:\/\/yoast.com\/product\/yoast-seo-wordpress\/ -->\n<title>Nosotras - Sistemas y Negocios Actualizados<\/title>\n<meta name=\"description\" content=\"Conoce a las fundadoras de SNA. Somos analistas de sistemas dedicadas a la optimizaci\u00f3n de computadoras y estrategias digitales para potenciar tu negocio.\" \/>\n<meta name=\"robots\" content=\"index, follow, max-snippet:-1, max-image-preview:large, max-video-preview:-1\" \/>\n<link rel=\"canonical\" href=\"https:\/\/snactualizados.com\/index.php\/nosotras\/\" \/>\n<meta property=\"og:locale\" content=\"es_ES\" \/>\n<meta property=\"og:type\" content=\"article\" \/>\n<meta property=\"og:title\" content=\"Nosotras - Sistemas y Negocios Actualizados\" \/>\n<meta property=\"og:description\" content=\"Conoce a las fundadoras de SNA. Somos analistas de sistemas dedicadas a la optimizaci\u00f3n de computadoras y estrategias digitales para potenciar tu negocio.\" \/>\n<meta property=\"og:url\" content=\"https:\/\/snactualizados.com\/index.php\/nosotras\/\" \/>\n<meta property=\"og:site_name\" content=\"Sistemas y Negocios Actualizados\" \/>\n<meta property=\"article:modified_time\" content=\"2026-04-03T18:01:35+00:00\" \/>\n<meta property=\"og:image\" content=\"https:\/\/snactualizados.com\/wp-content\/uploads\/2026\/04\/oficina_Sistemas.png\" \/>\n\t<meta property=\"og:image:width\" content=\"1366\" \/>\n\t<meta property=\"og:image:height\" content=\"768\" \/>\n\t<meta property=\"og:image:type\" content=\"image\/png\" \/>\n<meta name=\"twitter:card\" content=\"summary_large_image\" \/>\n<meta name=\"twitter:label1\" content=\"Tiempo de lectura\" \/>\n\t<meta name=\"twitter:data1\" content=\"1 minuto\" \/>\n<script type=\"application\/ld+json\" class=\"yoast-schema-graph\">{\"@context\":\"https:\\\/\\\/schema.org\",\"@graph\":[{\"@type\":\"WebPage\",\"@id\":\"https:\\\/\\\/snactualizados.com\\\/index.php\\\/nosotras\\\/\",\"url\":\"https:\\\/\\\/snactualizados.com\\\/index.php\\\/nosotras\\\/\",\"name\":\"Nosotras - Sistemas y Negocios Actualizados\",\"isPartOf\":{\"@id\":\"https:\\\/\\\/snactualizados.com\\\/#website\"},\"primaryImageOfPage\":{\"@id\":\"https:\\\/\\\/snactualizados.com\\\/index.php\\\/nosotras\\\/#primaryimage\"},\"image\":{\"@id\":\"https:\\\/\\\/snactualizados.com\\\/index.php\\\/nosotras\\\/#primaryimage\"},\"thumbnailUrl\":\"https:\\\/\\\/snactualizados.com\\\/wp-content\\\/uploads\\\/2026\\\/04\\\/oficina_Sistemas.png\",\"datePublished\":\"2026-04-01T01:15:16+00:00\",\"dateModified\":\"2026-04-03T18:01:35+00:00\",\"description\":\"Conoce a las fundadoras de SNA. Somos analistas de sistemas dedicadas a la optimizaci\u00f3n de computadoras y estrategias digitales para potenciar tu negocio.\",\"breadcrumb\":{\"@id\":\"https:\\\/\\\/snactualizados.com\\\/index.php\\\/nosotras\\\/#breadcrumb\"},\"inLanguage\":\"es-AR\",\"potentialAction\":[{\"@type\":\"ReadAction\",\"target\":[\"https:\\\/\\\/snactualizados.com\\\/index.php\\\/nosotras\\\/\"]}]},{\"@type\":\"ImageObject\",\"inLanguage\":\"es-AR\",\"@id\":\"https:\\\/\\\/snactualizados.com\\\/index.php\\\/nosotras\\\/#primaryimage\",\"url\":\"https:\\\/\\\/snactualizados.com\\\/wp-content\\\/uploads\\\/2026\\\/04\\\/oficina_Sistemas.png\",\"contentUrl\":\"https:\\\/\\\/snactualizados.com\\\/wp-content\\\/uploads\\\/2026\\\/04\\\/oficina_Sistemas.png\",\"width\":1366,\"height\":768,\"caption\":\"Donde las ideas se transforman en sistemas. Nuestro espacio de trabajo en La Plata para impulsar tu negocio al mundo digital.\"},{\"@type\":\"BreadcrumbList\",\"@id\":\"https:\\\/\\\/snactualizados.com\\\/index.php\\\/nosotras\\\/#breadcrumb\",\"itemListElement\":[{\"@type\":\"ListItem\",\"position\":1,\"name\":\"Inicio\",\"item\":\"https:\\\/\\\/snactualizados.com\\\/\"},{\"@type\":\"ListItem\",\"position\":2,\"name\":\"Nosotras\"}]},{\"@type\":\"WebSite\",\"@id\":\"https:\\\/\\\/snactualizados.com\\\/#website\",\"url\":\"https:\\\/\\\/snactualizados.com\\\/\",\"name\":\"Sistemas y Negocios Actualizados\",\"description\":\"Consultor\u00eda en digitalizaci\u00f3n para emprendedores. Expertos en dise\u00f1o web WordPress, gesti\u00f3n de redes y optimizaci\u00f3n de sistemas. \u00a1Hac\u00e9 crecer tu negocio con SNA!\",\"publisher\":{\"@id\":\"https:\\\/\\\/snactualizados.com\\\/#organization\"},\"potentialAction\":[{\"@type\":\"SearchAction\",\"target\":{\"@type\":\"EntryPoint\",\"urlTemplate\":\"https:\\\/\\\/snactualizados.com\\\/?s={search_term_string}\"},\"query-input\":{\"@type\":\"PropertyValueSpecification\",\"valueRequired\":true,\"valueName\":\"search_term_string\"}}],\"inLanguage\":\"es-AR\"},{\"@type\":\"Organization\",\"@id\":\"https:\\\/\\\/snactualizados.com\\\/#organization\",\"name\":\"Sistemas y Negocios Actualizados\",\"url\":\"https:\\\/\\\/snactualizados.com\\\/\",\"logo\":{\"@type\":\"ImageObject\",\"inLanguage\":\"es-AR\",\"@id\":\"https:\\\/\\\/snactualizados.com\\\/#\\\/schema\\\/logo\\\/image\\\/\",\"url\":\"https:\\\/\\\/snactualizados.com\\\/wp-content\\\/uploads\\\/2026\\\/03\\\/SNA.jpg\",\"contentUrl\":\"https:\\\/\\\/snactualizados.com\\\/wp-content\\\/uploads\\\/2026\\\/03\\\/SNA.jpg\",\"width\":704,\"height\":363,\"caption\":\"Sistemas y Negocios Actualizados\"},\"image\":{\"@id\":\"https:\\\/\\\/snactualizados.com\\\/#\\\/schema\\\/logo\\\/image\\\/\"}}]}<\/script>\n<!-- \/ Yoast SEO plugin. -->","yoast_head_json":{"title":"Nosotras - Sistemas y Negocios Actualizados","description":"Conoce a las fundadoras de SNA. Somos analistas de sistemas dedicadas a la optimizaci\u00f3n de computadoras y estrategias digitales para potenciar tu negocio.","robots":{"index":"index","follow":"follow","max-snippet":"max-snippet:-1","max-image-preview":"max-image-preview:large","max-video-preview":"max-video-preview:-1"},"canonical":"https:\/\/snactualizados.com\/index.php\/nosotras\/","og_locale":"es_ES","og_type":"article","og_title":"Nosotras - Sistemas y Negocios Actualizados","og_description":"Conoce a las fundadoras de SNA. Somos analistas de sistemas dedicadas a la optimizaci\u00f3n de computadoras y estrategias digitales para potenciar tu negocio.","og_url":"https:\/\/snactualizados.com\/index.php\/nosotras\/","og_site_name":"Sistemas y Negocios Actualizados","article_modified_time":"2026-04-03T18:01:35+00:00","og_image":[{"width":1366,"height":768,"url":"https:\/\/snactualizados.com\/wp-content\/uploads\/2026\/04\/oficina_Sistemas.png","type":"image\/png"}],"twitter_card":"summary_large_image","twitter_misc":{"Tiempo de lectura":"1 minuto"},"schema":{"@context":"https:\/\/schema.org","@graph":[{"@type":"WebPage","@id":"https:\/\/snactualizados.com\/index.php\/nosotras\/","url":"https:\/\/snactualizados.com\/index.php\/nosotras\/","name":"Nosotras - Sistemas y Negocios Actualizados","isPartOf":{"@id":"https:\/\/snactualizados.com\/#website"},"primaryImageOfPage":{"@id":"https:\/\/snactualizados.com\/index.php\/nosotras\/#primaryimage"},"image":{"@id":"https:\/\/snactualizados.com\/index.php\/nosotras\/#primaryimage"},"thumbnailUrl":"https:\/\/snactualizados.com\/wp-content\/uploads\/2026\/04\/oficina_Sistemas.png","datePublished":"2026-04-01T01:15:16+00:00","dateModified":"2026-04-03T18:01:35+00:00","description":"Conoce a las fundadoras de SNA. Somos analistas de sistemas dedicadas a la optimizaci\u00f3n de computadoras y estrategias digitales para potenciar tu negocio.","breadcrumb":{"@id":"https:\/\/snactualizados.com\/index.php\/nosotras\/#breadcrumb"},"inLanguage":"es-AR","potentialAction":[{"@type":"ReadAction","target":["https:\/\/snactualizados.com\/index.php\/nosotras\/"]}]},{"@type":"ImageObject","inLanguage":"es-AR","@id":"https:\/\/snactualizados.com\/index.php\/nosotras\/#primaryimage","url":"https:\/\/snactualizados.com\/wp-content\/uploads\/2026\/04\/oficina_Sistemas.png","contentUrl":"https:\/\/snactualizados.com\/wp-content\/uploads\/2026\/04\/oficina_Sistemas.png","width":1366,"height":768,"caption":"Donde las ideas se transforman en sistemas. Nuestro espacio de trabajo en La Plata para impulsar tu negocio al mundo digital."},{"@type":"BreadcrumbList","@id":"https:\/\/snactualizados.com\/index.php\/nosotras\/#breadcrumb","itemListElement":[{"@type":"ListItem","position":1,"name":"Inicio","item":"https:\/\/snactualizados.com\/"},{"@type":"ListItem","position":2,"name":"Nosotras"}]},{"@type":"WebSite","@id":"https:\/\/snactualizados.com\/#website","url":"https:\/\/snactualizados.com\/","name":"Sistemas y Negocios Actualizados","description":"Consultor\u00eda en digitalizaci\u00f3n para emprendedores. Expertos en dise\u00f1o web WordPress, gesti\u00f3n de redes y optimizaci\u00f3n de sistemas. \u00a1Hac\u00e9 crecer tu negocio con SNA!","publisher":{"@id":"https:\/\/snactualizados.com\/#organization"},"potentialAction":[{"@type":"SearchAction","target":{"@type":"EntryPoint","urlTemplate":"https:\/\/snactualizados.com\/?s={search_term_string}"},"query-input":{"@type":"PropertyValueSpecification","valueRequired":true,"valueName":"search_term_string"}}],"inLanguage":"es-AR"},{"@type":"Organization","@id":"https:\/\/snactualizados.com\/#organization","name":"Sistemas y Negocios Actualizados","url":"https:\/\/snactualizados.com\/","logo":{"@type":"ImageObject","inLanguage":"es-AR","@id":"https:\/\/snactualizados.com\/#\/schema\/logo\/image\/","url":"https:\/\/snactualizados.com\/wp-content\/uploads\/2026\/03\/SNA.jpg","contentUrl":"https:\/\/snactualizados.com\/wp-content\/uploads\/2026\/03\/SNA.jpg","width":704,"height":363,"caption":"Sistemas y Negocios Actualizados"},"image":{"@id":"https:\/\/snactualizados.com\/#\/schema\/logo\/image\/"}}]}},"_hostinger_reach_plugin_has_subscription_block":false,"_hostinger_reach_plugin_is_elementor":false,"_links":{"self":[{"href":"https:\/\/snactualizados.com\/index.php\/wp-json\/wp\/v2\/pages\/289","targetHints":{"allow":["GET"]}}],"collection":[{"href":"https:\/\/snactualizados.com\/index.php\/wp-json\/wp\/v2\/pages"}],"about":[{"href":"https:\/\/snactualizados.com\/index.php\/wp-json\/wp\/v2\/types\/page"}],"author":[{"embeddable":true,"href":"https:\/\/snactualizados.com\/index.php\/wp-json\/wp\/v2\/users\/1"}],"replies":[{"embeddable":true,"href":"https:\/\/snactualizados.com\/index.php\/wp-json\/wp\/v2\/comments?post=289"}],"version-history":[{"count":0,"href":"https:\/\/snactualizados.com\/index.php\/wp-json\/wp\/v2\/pages\/289\/revisions"}],"wp:featuredmedia":[{"embeddable":true,"href":"https:\/\/snactualizados.com\/index.php\/wp-json\/wp\/v2\/media\/323"}],"wp:attachment":[{"href":"https:\/\/snactualizados.com\/index.php\/wp-json\/wp\/v2\/media?parent=289"}],"curies":[{"name":"wp","href":"https:\/\/api.w.org\/{rel}","templated":true}]}}