{"id":310,"date":"2026-04-02T17:56:15","date_gmt":"2026-04-02T20:56:15","guid":{"rendered":"https:\/\/snactualizados.com\/?page_id=310"},"modified":"2026-05-02T16:16:03","modified_gmt":"2026-05-02T19:16:03","slug":"servicios","status":"publish","type":"page","link":"https:\/\/snactualizados.com\/index.php\/servicios\/","title":{"rendered":"Servicios"},"content":{"rendered":"\n\n\n\n\n\n\n\n","protected":false},"excerpt":{"rendered":"","protected":false},"author":1,"featured_media":358,"parent":0,"menu_order":0,"comment_status":"closed","ping_status":"closed","template":"full-width","meta":{"saved_in_kubio":true,"footnotes":""},"class_list":["post-310","page","type-page","status-publish","has-post-thumbnail","hentry"],"kubio_ai_page_context":{"short_desc":"","purpose":"general"},"yoast_head":"<!-- This site is optimized with the Yoast SEO plugin v27.5 - https:\/\/yoast.com\/product\/yoast-seo-wordpress\/ -->\n<title>Servicios - Sistemas y Negocios Actualizados<\/title>\n<meta name=\"description\" content=\"Potenciamos tu negocio con servicios profesionales de optimizaci\u00f3n de computadoras, dise\u00f1o web en WordPress y estrategias de marketing digital. \u00a1Haz que la tecnolog\u00eda trabaje para vos con SNA!\" \/>\n<meta name=\"robots\" content=\"index, follow, max-snippet:-1, max-image-preview:large, max-video-preview:-1\" \/>\n<link rel=\"canonical\" href=\"https:\/\/snactualizados.com\/index.php\/servicios\/\" \/>\n<meta property=\"og:locale\" content=\"es_ES\" \/>\n<meta property=\"og:type\" content=\"article\" \/>\n<meta property=\"og:title\" content=\"Servicios - Sistemas y Negocios Actualizados\" \/>\n<meta property=\"og:description\" content=\"Potenciamos tu negocio con servicios profesionales de optimizaci\u00f3n de computadoras, dise\u00f1o web en WordPress y estrategias de marketing digital. \u00a1Haz que la tecnolog\u00eda trabaje para vos con SNA!\" \/>\n<meta property=\"og:url\" content=\"https:\/\/snactualizados.com\/index.php\/servicios\/\" \/>\n<meta property=\"og:site_name\" content=\"Sistemas y Negocios Actualizados\" \/>\n<meta property=\"article:modified_time\" content=\"2026-05-02T19:16:03+00:00\" \/>\n<meta property=\"og:image\" content=\"https:\/\/snactualizados.com\/wp-content\/uploads\/2026\/04\/web.jpeg\" \/>\n\t<meta property=\"og:image:width\" content=\"800\" \/>\n\t<meta property=\"og:image:height\" content=\"566\" \/>\n\t<meta property=\"og:image:type\" content=\"image\/jpeg\" \/>\n<meta name=\"twitter:card\" content=\"summary_large_image\" \/>\n<meta name=\"twitter:label1\" content=\"Tiempo de lectura\" \/>\n\t<meta name=\"twitter:data1\" content=\"5 minutos\" \/>\n<script type=\"application\/ld+json\" class=\"yoast-schema-graph\">{\"@context\":\"https:\\\/\\\/schema.org\",\"@graph\":[{\"@type\":\"WebPage\",\"@id\":\"https:\\\/\\\/snactualizados.com\\\/index.php\\\/servicios\\\/\",\"url\":\"https:\\\/\\\/snactualizados.com\\\/index.php\\\/servicios\\\/\",\"name\":\"Servicios - Sistemas y Negocios Actualizados\",\"isPartOf\":{\"@id\":\"https:\\\/\\\/snactualizados.com\\\/#website\"},\"primaryImageOfPage\":{\"@id\":\"https:\\\/\\\/snactualizados.com\\\/index.php\\\/servicios\\\/#primaryimage\"},\"image\":{\"@id\":\"https:\\\/\\\/snactualizados.com\\\/index.php\\\/servicios\\\/#primaryimage\"},\"thumbnailUrl\":\"https:\\\/\\\/snactualizados.com\\\/wp-content\\\/uploads\\\/2026\\\/04\\\/web.jpeg\",\"datePublished\":\"2026-04-02T20:56:15+00:00\",\"dateModified\":\"2026-05-02T19:16:03+00:00\",\"description\":\"Potenciamos tu negocio con servicios profesionales de optimizaci\u00f3n de computadoras, dise\u00f1o web en WordPress y estrategias de marketing digital. \u00a1Haz que la tecnolog\u00eda trabaje para vos con SNA!\",\"breadcrumb\":{\"@id\":\"https:\\\/\\\/snactualizados.com\\\/index.php\\\/servicios\\\/#breadcrumb\"},\"inLanguage\":\"es-AR\",\"potentialAction\":[{\"@type\":\"ReadAction\",\"target\":[\"https:\\\/\\\/snactualizados.com\\\/index.php\\\/servicios\\\/\"]}]},{\"@type\":\"ImageObject\",\"inLanguage\":\"es-AR\",\"@id\":\"https:\\\/\\\/snactualizados.com\\\/index.php\\\/servicios\\\/#primaryimage\",\"url\":\"https:\\\/\\\/snactualizados.com\\\/wp-content\\\/uploads\\\/2026\\\/04\\\/web.jpeg\",\"contentUrl\":\"https:\\\/\\\/snactualizados.com\\\/wp-content\\\/uploads\\\/2026\\\/04\\\/web.jpeg\",\"width\":800,\"height\":566,\"caption\":\"Potenciamos tu presencia online con sitios web escalables, r\u00e1pidos y seguros, dise\u00f1ados a la medida de tu negocio.\"},{\"@type\":\"BreadcrumbList\",\"@id\":\"https:\\\/\\\/snactualizados.com\\\/index.php\\\/servicios\\\/#breadcrumb\",\"itemListElement\":[{\"@type\":\"ListItem\",\"position\":1,\"name\":\"Inicio\",\"item\":\"https:\\\/\\\/snactualizados.com\\\/\"},{\"@type\":\"ListItem\",\"position\":2,\"name\":\"Servicios\"}]},{\"@type\":\"WebSite\",\"@id\":\"https:\\\/\\\/snactualizados.com\\\/#website\",\"url\":\"https:\\\/\\\/snactualizados.com\\\/\",\"name\":\"Sistemas y Negocios Actualizados\",\"description\":\"Consultor\u00eda en digitalizaci\u00f3n para emprendedores. Expertos en dise\u00f1o web WordPress, gesti\u00f3n de redes y optimizaci\u00f3n de sistemas. \u00a1Hac\u00e9 crecer tu negocio con SNA!\",\"publisher\":{\"@id\":\"https:\\\/\\\/snactualizados.com\\\/#organization\"},\"potentialAction\":[{\"@type\":\"SearchAction\",\"target\":{\"@type\":\"EntryPoint\",\"urlTemplate\":\"https:\\\/\\\/snactualizados.com\\\/?s={search_term_string}\"},\"query-input\":{\"@type\":\"PropertyValueSpecification\",\"valueRequired\":true,\"valueName\":\"search_term_string\"}}],\"inLanguage\":\"es-AR\"},{\"@type\":\"Organization\",\"@id\":\"https:\\\/\\\/snactualizados.com\\\/#organization\",\"name\":\"Sistemas y Negocios Actualizados\",\"url\":\"https:\\\/\\\/snactualizados.com\\\/\",\"logo\":{\"@type\":\"ImageObject\",\"inLanguage\":\"es-AR\",\"@id\":\"https:\\\/\\\/snactualizados.com\\\/#\\\/schema\\\/logo\\\/image\\\/\",\"url\":\"https:\\\/\\\/snactualizados.com\\\/wp-content\\\/uploads\\\/2026\\\/03\\\/SNA.jpg\",\"contentUrl\":\"https:\\\/\\\/snactualizados.com\\\/wp-content\\\/uploads\\\/2026\\\/03\\\/SNA.jpg\",\"width\":704,\"height\":363,\"caption\":\"Sistemas y Negocios Actualizados\"},\"image\":{\"@id\":\"https:\\\/\\\/snactualizados.com\\\/#\\\/schema\\\/logo\\\/image\\\/\"}}]}<\/script>\n<!-- \/ Yoast SEO plugin. -->","yoast_head_json":{"title":"Servicios - Sistemas y Negocios Actualizados","description":"Potenciamos tu negocio con servicios profesionales de optimizaci\u00f3n de computadoras, dise\u00f1o web en WordPress y estrategias de marketing digital. \u00a1Haz que la tecnolog\u00eda trabaje para vos con SNA!","robots":{"index":"index","follow":"follow","max-snippet":"max-snippet:-1","max-image-preview":"max-image-preview:large","max-video-preview":"max-video-preview:-1"},"canonical":"https:\/\/snactualizados.com\/index.php\/servicios\/","og_locale":"es_ES","og_type":"article","og_title":"Servicios - Sistemas y Negocios Actualizados","og_description":"Potenciamos tu negocio con servicios profesionales de optimizaci\u00f3n de computadoras, dise\u00f1o web en WordPress y estrategias de marketing digital. \u00a1Haz que la tecnolog\u00eda trabaje para vos con SNA!","og_url":"https:\/\/snactualizados.com\/index.php\/servicios\/","og_site_name":"Sistemas y Negocios Actualizados","article_modified_time":"2026-05-02T19:16:03+00:00","og_image":[{"width":800,"height":566,"url":"https:\/\/snactualizados.com\/wp-content\/uploads\/2026\/04\/web.jpeg","type":"image\/jpeg"}],"twitter_card":"summary_large_image","twitter_misc":{"Tiempo de lectura":"5 minutos"},"schema":{"@context":"https:\/\/schema.org","@graph":[{"@type":"WebPage","@id":"https:\/\/snactualizados.com\/index.php\/servicios\/","url":"https:\/\/snactualizados.com\/index.php\/servicios\/","name":"Servicios - Sistemas y Negocios Actualizados","isPartOf":{"@id":"https:\/\/snactualizados.com\/#website"},"primaryImageOfPage":{"@id":"https:\/\/snactualizados.com\/index.php\/servicios\/#primaryimage"},"image":{"@id":"https:\/\/snactualizados.com\/index.php\/servicios\/#primaryimage"},"thumbnailUrl":"https:\/\/snactualizados.com\/wp-content\/uploads\/2026\/04\/web.jpeg","datePublished":"2026-04-02T20:56:15+00:00","dateModified":"2026-05-02T19:16:03+00:00","description":"Potenciamos tu negocio con servicios profesionales de optimizaci\u00f3n de computadoras, dise\u00f1o web en WordPress y estrategias de marketing digital. \u00a1Haz que la tecnolog\u00eda trabaje para vos con SNA!","breadcrumb":{"@id":"https:\/\/snactualizados.com\/index.php\/servicios\/#breadcrumb"},"inLanguage":"es-AR","potentialAction":[{"@type":"ReadAction","target":["https:\/\/snactualizados.com\/index.php\/servicios\/"]}]},{"@type":"ImageObject","inLanguage":"es-AR","@id":"https:\/\/snactualizados.com\/index.php\/servicios\/#primaryimage","url":"https:\/\/snactualizados.com\/wp-content\/uploads\/2026\/04\/web.jpeg","contentUrl":"https:\/\/snactualizados.com\/wp-content\/uploads\/2026\/04\/web.jpeg","width":800,"height":566,"caption":"Potenciamos tu presencia online con sitios web escalables, r\u00e1pidos y seguros, dise\u00f1ados a la medida de tu negocio."},{"@type":"BreadcrumbList","@id":"https:\/\/snactualizados.com\/index.php\/servicios\/#breadcrumb","itemListElement":[{"@type":"ListItem","position":1,"name":"Inicio","item":"https:\/\/snactualizados.com\/"},{"@type":"ListItem","position":2,"name":"Servicios"}]},{"@type":"WebSite","@id":"https:\/\/snactualizados.com\/#website","url":"https:\/\/snactualizados.com\/","name":"Sistemas y Negocios Actualizados","description":"Consultor\u00eda en digitalizaci\u00f3n para emprendedores. Expertos en dise\u00f1o web WordPress, gesti\u00f3n de redes y optimizaci\u00f3n de sistemas. \u00a1Hac\u00e9 crecer tu negocio con SNA!","publisher":{"@id":"https:\/\/snactualizados.com\/#organization"},"potentialAction":[{"@type":"SearchAction","target":{"@type":"EntryPoint","urlTemplate":"https:\/\/snactualizados.com\/?s={search_term_string}"},"query-input":{"@type":"PropertyValueSpecification","valueRequired":true,"valueName":"search_term_string"}}],"inLanguage":"es-AR"},{"@type":"Organization","@id":"https:\/\/snactualizados.com\/#organization","name":"Sistemas y Negocios Actualizados","url":"https:\/\/snactualizados.com\/","logo":{"@type":"ImageObject","inLanguage":"es-AR","@id":"https:\/\/snactualizados.com\/#\/schema\/logo\/image\/","url":"https:\/\/snactualizados.com\/wp-content\/uploads\/2026\/03\/SNA.jpg","contentUrl":"https:\/\/snactualizados.com\/wp-content\/uploads\/2026\/03\/SNA.jpg","width":704,"height":363,"caption":"Sistemas y Negocios Actualizados"},"image":{"@id":"https:\/\/snactualizados.com\/#\/schema\/logo\/image\/"}}]}},"_hostinger_reach_plugin_has_subscription_block":false,"_hostinger_reach_plugin_is_elementor":false,"_links":{"self":[{"href":"https:\/\/snactualizados.com\/index.php\/wp-json\/wp\/v2\/pages\/310","targetHints":{"allow":["GET"]}}],"collection":[{"href":"https:\/\/snactualizados.com\/index.php\/wp-json\/wp\/v2\/pages"}],"about":[{"href":"https:\/\/snactualizados.com\/index.php\/wp-json\/wp\/v2\/types\/page"}],"author":[{"embeddable":true,"href":"https:\/\/snactualizados.com\/index.php\/wp-json\/wp\/v2\/users\/1"}],"replies":[{"embeddable":true,"href":"https:\/\/snactualizados.com\/index.php\/wp-json\/wp\/v2\/comments?post=310"}],"version-history":[{"count":11,"href":"https:\/\/snactualizados.com\/index.php\/wp-json\/wp\/v2\/pages\/310\/revisions"}],"predecessor-version":[{"id":503,"href":"https:\/\/snactualizados.com\/index.php\/wp-json\/wp\/v2\/pages\/310\/revisions\/503"}],"wp:featuredmedia":[{"embeddable":true,"href":"https:\/\/snactualizados.com\/index.php\/wp-json\/wp\/v2\/media\/358"}],"wp:attachment":[{"href":"https:\/\/snactualizados.com\/index.php\/wp-json\/wp\/v2\/media?parent=310"}],"curies":[{"name":"wp","href":"https:\/\/api.w.org\/{rel}","templated":true}]}}